{"id":1288,"date":"2026-01-18T03:42:22","date_gmt":"2026-01-18T00:42:22","guid":{"rendered":"http:\/\/yucelsarialtin.com\/a-propos-de-moi\/"},"modified":"2026-02-01T02:46:22","modified_gmt":"2026-01-31T23:46:22","slug":"a-propos-de-moi","status":"publish","type":"page","link":"https:\/\/yucelsarialtin.com\/fr\/a-propos-de-moi","title":{"rendered":"\u00c0 Propos de Moi"},"content":{"rendered":"<h1>Qui est le Docteur Op\u00e9rateur Y\u00fccel Sar\u0131alt\u0131n?<\/h1>\n<p>Nos vies sont \u00e0 la fois courtes et longues. Vivre pleinement, construire une vie avec ses plaisirs et ses peines, c&rsquo;est le souhait de chacun d&rsquo;entre nous.<\/p>\n<p>Dans ce voyage de la vie, notre seul compagnon qui nous quitte jamais, qui nous abandonne jamais, c&rsquo;est notre corps. Prendre soin de ce corps, le nourrir de l&rsquo;int\u00e9rieur et de l&rsquo;ext\u00e9rieur, c&rsquo;est la responsabilit\u00e9 de chaque individu.<\/p>\n<p>Depuis mon enfance, je r\u00e9fl\u00e9chis \u00e0 la relation entre l&rsquo;esprit et le corps, \u00e0 la valeur du temps et au fait que nous n\u00e9gligeons nos corps tout en nourrissant notre \u00e2me de beaut\u00e9. Peut-\u00eatre que ma passion pour la chirurgie esth\u00e9tique est n\u00e9e de cette raison.<\/p>\n<p>Mon voyage a commenc\u00e9 en 1981 \u00e0 \u00c7orum, en Turquie. J&rsquo;ai termin\u00e9 mes \u00e9tudes primaires et secondaires \u00e0 \u00c7orum. Apr\u00e8s avoir obtenu mon dipl\u00f4me de m\u00e9decine \u00e0 la Facult\u00e9 de m\u00e9decine de l&rsquo;Universit\u00e9 On Dokuz May\u0131s, j&rsquo;ai travaill\u00e9 pendant 2 ans en tant que m\u00e9decin g\u00e9n\u00e9raliste. Pendant cette p\u00e9riode, j&rsquo;ai suivi une formation en m\u00e9decine d&rsquo;urgence. En 2006, j&rsquo;ai r\u00e9ussi l&rsquo;examen TUS et j&rsquo;ai poursuivi ma formation de sp\u00e9cialiste \u00e0 l&rsquo;Universit\u00e9 S\u00fcleyman Demirel.<\/p>\n<p>[BREAKLINE]<\/p>\n<p>Pendant ma formation de sp\u00e9cialiste, j&rsquo;ai suivi des formations sp\u00e9cialis\u00e9es dans de nombreuses branches, ce qui m&rsquo;a permis d&rsquo;\u00eatre ce que je suis aujourd&rsquo;hui, Y\u00fccel Sar\u0131alt\u0131n. Chirurgie de la main, microchirurgie maxillo-faciale, et bien d&rsquo;autres&#8230;<\/p>\n<p>Tout au long de ma formation et de ma carri\u00e8re, j&rsquo;ai particip\u00e9 \u00e0 de nombreuses conf\u00e9rences et j&rsquo;ai partag\u00e9 mes connaissances avec de nombreux coll\u00e8gues. J&rsquo;ai \u00e9galement assist\u00e9 \u00e0 des op\u00e9rations esth\u00e9tiques en tant qu&rsquo;observateur en Turquie et \u00e0 l&rsquo;\u00e9tranger.<\/p>\n<p>J&rsquo;ai r\u00e9alis\u00e9 ma th\u00e8se de sp\u00e9cialisation sur \u00ab\u00a0l&rsquo;\u00e9valuation radiologique de la relation entre l&rsquo;ost\u00e9otomie lat\u00e9rale en mod\u00e8le tridimensionnel et le canal lacrymal dans la rhinoplastie\u00a0\u00bb.<\/p>\n<p>Apr\u00e8s avoir termin\u00e9 ma formation de sp\u00e9cialiste en 2012, j&rsquo;ai effectu\u00e9 mon service obligatoire \u00e0 Erzurum. Pendant 2 ans, dans un rythme de travail intense, j&rsquo;ai r\u00e9alis\u00e9 plus de 1000 interventions esth\u00e9tiques, principalement des rhinoplasties.<\/p>\n<p>En 2014, j&rsquo;ai commenc\u00e9 \u00e0 travailler dans une clinique priv\u00e9e \u00e0 Istanbul, o\u00f9 j&rsquo;ai effectu\u00e9 de nombreuses interventions chirurgicales pour am\u00e9liorer le visage et le corps.<\/p>\n<p>Je suis fier d&rsquo;\u00eatre parmi les chirurgiens esth\u00e9tiques les plus actifs en Turquie, ayant r\u00e9alis\u00e9 plus de 10 000 interventions chirurgicales esth\u00e9tiques et ayant touch\u00e9 la vie de mes patients.<\/p>\n<p>Je pratique actuellement dans ma propre clinique priv\u00e9e \u00e0 Ata\u015fehir, o\u00f9 j&rsquo;ai commenc\u00e9 avec trois personnes et o\u00f9 je travaille maintenant avec une \u00e9quipe de plus de 30 personnes. Comme je l&rsquo;ai dit pr\u00e9c\u00e9demment, pendant que mes patients nourrissent leurs \u00e2mes, j&rsquo;essaie de rendre leur corps digne de ces \u00e2mes merveilleuses.<\/p>\n<p>Cordialement,<\/p>\n<p>Op. Dr. Y\u00fccel Sar\u0131alt\u0131n<\/p>\n<p>Sp\u00e9cialiste en chirurgie esth\u00e9tique, plastique et reconstructive.<\/p>\n<h2>Certificats<\/h2>\n\n\n<figure class=\"wp-block-gallery has-nested-images columns-default is-cropped wp-block-gallery-1 is-layout-flex wp-block-gallery-is-layout-flex\">\n<figure class=\"wp-block-image size-large\"><img loading=\"lazy\" decoding=\"async\" width=\"800\" height=\"550\" data-id=\"7166\" src=\"http:\/\/yucelsarialtin.com\/wp-content\/uploads\/2026\/01\/2-rinoplasti-kursu.webp\" alt=\"\" class=\"wp-image-7166\" srcset=\"https:\/\/yucelsarialtin.com\/wp-content\/uploads\/2026\/01\/2-rinoplasti-kursu.webp 800w, https:\/\/yucelsarialtin.com\/wp-content\/uploads\/2026\/01\/2-rinoplasti-kursu-300x206.webp 300w, https:\/\/yucelsarialtin.com\/wp-content\/uploads\/2026\/01\/2-rinoplasti-kursu-768x528.webp 768w\" sizes=\"auto, (max-width: 800px) 100vw, 800px\" \/><\/figure>\n\n\n\n<figure class=\"wp-block-image size-large\"><img loading=\"lazy\" decoding=\"async\" width=\"800\" height=\"550\" data-id=\"7167\" src=\"http:\/\/yucelsarialtin.com\/wp-content\/uploads\/2026\/01\/29-estetik-cerrahi-ulusal-kongresi.webp\" alt=\"\" class=\"wp-image-7167\" srcset=\"https:\/\/yucelsarialtin.com\/wp-content\/uploads\/2026\/01\/29-estetik-cerrahi-ulusal-kongresi.webp 800w, https:\/\/yucelsarialtin.com\/wp-content\/uploads\/2026\/01\/29-estetik-cerrahi-ulusal-kongresi-300x206.webp 300w, https:\/\/yucelsarialtin.com\/wp-content\/uploads\/2026\/01\/29-estetik-cerrahi-ulusal-kongresi-768x528.webp 768w\" sizes=\"auto, (max-width: 800px) 100vw, 800px\" \/><\/figure>\n\n\n\n<figure class=\"wp-block-image size-large\"><img loading=\"lazy\" decoding=\"async\" width=\"800\" height=\"550\" data-id=\"7168\" src=\"http:\/\/yucelsarialtin.com\/wp-content\/uploads\/2026\/01\/30-estetik-cerrahi-ulusal-kongresi.webp\" alt=\"\" class=\"wp-image-7168\" srcset=\"https:\/\/yucelsarialtin.com\/wp-content\/uploads\/2026\/01\/30-estetik-cerrahi-ulusal-kongresi.webp 800w, https:\/\/yucelsarialtin.com\/wp-content\/uploads\/2026\/01\/30-estetik-cerrahi-ulusal-kongresi-300x206.webp 300w, https:\/\/yucelsarialtin.com\/wp-content\/uploads\/2026\/01\/30-estetik-cerrahi-ulusal-kongresi-768x528.webp 768w\" sizes=\"auto, (max-width: 800px) 100vw, 800px\" \/><\/figure>\n\n\n\n<figure class=\"wp-block-image size-large\"><img loading=\"lazy\" decoding=\"async\" width=\"800\" height=\"550\" data-id=\"7169\" src=\"http:\/\/yucelsarialtin.com\/wp-content\/uploads\/2026\/01\/2019-tarih-kultur-egitim-dernegi-sertifikasi.webp\" alt=\"\" class=\"wp-image-7169\" srcset=\"https:\/\/yucelsarialtin.com\/wp-content\/uploads\/2026\/01\/2019-tarih-kultur-egitim-dernegi-sertifikasi.webp 800w, https:\/\/yucelsarialtin.com\/wp-content\/uploads\/2026\/01\/2019-tarih-kultur-egitim-dernegi-sertifikasi-300x206.webp 300w, https:\/\/yucelsarialtin.com\/wp-content\/uploads\/2026\/01\/2019-tarih-kultur-egitim-dernegi-sertifikasi-768x528.webp 768w\" sizes=\"auto, (max-width: 800px) 100vw, 800px\" \/><\/figure>\n\n\n\n<figure class=\"wp-block-image size-large\"><img loading=\"lazy\" decoding=\"async\" width=\"800\" height=\"550\" data-id=\"7170\" src=\"http:\/\/yucelsarialtin.com\/wp-content\/uploads\/2026\/01\/2020-tarih-kultur-egitim-dernegi-sertifikasi.webp\" alt=\"\" class=\"wp-image-7170\" srcset=\"https:\/\/yucelsarialtin.com\/wp-content\/uploads\/2026\/01\/2020-tarih-kultur-egitim-dernegi-sertifikasi.webp 800w, https:\/\/yucelsarialtin.com\/wp-content\/uploads\/2026\/01\/2020-tarih-kultur-egitim-dernegi-sertifikasi-300x206.webp 300w, https:\/\/yucelsarialtin.com\/wp-content\/uploads\/2026\/01\/2020-tarih-kultur-egitim-dernegi-sertifikasi-768x528.webp 768w\" sizes=\"auto, (max-width: 800px) 100vw, 800px\" \/><\/figure>\n\n\n\n<figure class=\"wp-block-image size-large\"><img loading=\"lazy\" decoding=\"async\" width=\"800\" height=\"550\" data-id=\"7171\" src=\"http:\/\/yucelsarialtin.com\/wp-content\/uploads\/2026\/01\/2021-tarih-kultur-egitim-dernegi-sertifikasi.webp\" alt=\"\" class=\"wp-image-7171\" srcset=\"https:\/\/yucelsarialtin.com\/wp-content\/uploads\/2026\/01\/2021-tarih-kultur-egitim-dernegi-sertifikasi.webp 800w, https:\/\/yucelsarialtin.com\/wp-content\/uploads\/2026\/01\/2021-tarih-kultur-egitim-dernegi-sertifikasi-300x206.webp 300w, https:\/\/yucelsarialtin.com\/wp-content\/uploads\/2026\/01\/2021-tarih-kultur-egitim-dernegi-sertifikasi-768x528.webp 768w\" sizes=\"auto, (max-width: 800px) 100vw, 800px\" \/><\/figure>\n\n\n\n<figure class=\"wp-block-image size-large\"><img loading=\"lazy\" decoding=\"async\" width=\"800\" height=\"550\" data-id=\"7172\" src=\"http:\/\/yucelsarialtin.com\/wp-content\/uploads\/2026\/01\/2022-tarih-kultur-egitim-dernegi-sertifikasi.webp\" alt=\"\" class=\"wp-image-7172\" srcset=\"https:\/\/yucelsarialtin.com\/wp-content\/uploads\/2026\/01\/2022-tarih-kultur-egitim-dernegi-sertifikasi.webp 800w, https:\/\/yucelsarialtin.com\/wp-content\/uploads\/2026\/01\/2022-tarih-kultur-egitim-dernegi-sertifikasi-300x206.webp 300w, https:\/\/yucelsarialtin.com\/wp-content\/uploads\/2026\/01\/2022-tarih-kultur-egitim-dernegi-sertifikasi-768x528.webp 768w\" sizes=\"auto, (max-width: 800px) 100vw, 800px\" \/><\/figure>\n\n\n\n<figure class=\"wp-block-image size-large\"><img loading=\"lazy\" decoding=\"async\" width=\"700\" height=\"481\" data-id=\"7173\" src=\"http:\/\/yucelsarialtin.com\/wp-content\/uploads\/2026\/01\/acil-hekimligi-sertifikasi_6420677.webp\" alt=\"\" class=\"wp-image-7173\" srcset=\"https:\/\/yucelsarialtin.com\/wp-content\/uploads\/2026\/01\/acil-hekimligi-sertifikasi_6420677.webp 700w, https:\/\/yucelsarialtin.com\/wp-content\/uploads\/2026\/01\/acil-hekimligi-sertifikasi_6420677-300x206.webp 300w\" sizes=\"auto, (max-width: 700px) 100vw, 700px\" \/><\/figure>\n\n\n\n<figure class=\"wp-block-image size-large\"><img loading=\"lazy\" decoding=\"async\" width=\"800\" height=\"550\" data-id=\"7174\" src=\"http:\/\/yucelsarialtin.com\/wp-content\/uploads\/2026\/01\/aqua-filling-kursu.webp\" alt=\"\" class=\"wp-image-7174\" srcset=\"https:\/\/yucelsarialtin.com\/wp-content\/uploads\/2026\/01\/aqua-filling-kursu.webp 800w, https:\/\/yucelsarialtin.com\/wp-content\/uploads\/2026\/01\/aqua-filling-kursu-300x206.webp 300w, https:\/\/yucelsarialtin.com\/wp-content\/uploads\/2026\/01\/aqua-filling-kursu-768x528.webp 768w\" sizes=\"auto, (max-width: 800px) 100vw, 800px\" \/><\/figure>\n\n\n\n<figure class=\"wp-block-image size-large\"><img loading=\"lazy\" decoding=\"async\" width=\"800\" height=\"550\" data-id=\"7175\" src=\"http:\/\/yucelsarialtin.com\/wp-content\/uploads\/2026\/01\/orumcek-agi-teknigi-uzmanligi-sertifikasi.webp\" alt=\"\" class=\"wp-image-7175\" srcset=\"https:\/\/yucelsarialtin.com\/wp-content\/uploads\/2026\/01\/orumcek-agi-teknigi-uzmanligi-sertifikasi.webp 800w, https:\/\/yucelsarialtin.com\/wp-content\/uploads\/2026\/01\/orumcek-agi-teknigi-uzmanligi-sertifikasi-300x206.webp 300w, https:\/\/yucelsarialtin.com\/wp-content\/uploads\/2026\/01\/orumcek-agi-teknigi-uzmanligi-sertifikasi-768x528.webp 768w\" sizes=\"auto, (max-width: 800px) 100vw, 800px\" \/><\/figure>\n\n\n\n<figure class=\"wp-block-image size-large\"><img loading=\"lazy\" decoding=\"async\" width=\"800\" height=\"550\" data-id=\"7176\" src=\"http:\/\/yucelsarialtin.com\/wp-content\/uploads\/2026\/01\/spider-web-tecnique-sertifikasi.webp\" alt=\"\" class=\"wp-image-7176\" srcset=\"https:\/\/yucelsarialtin.com\/wp-content\/uploads\/2026\/01\/spider-web-tecnique-sertifikasi.webp 800w, https:\/\/yucelsarialtin.com\/wp-content\/uploads\/2026\/01\/spider-web-tecnique-sertifikasi-300x206.webp 300w, https:\/\/yucelsarialtin.com\/wp-content\/uploads\/2026\/01\/spider-web-tecnique-sertifikasi-768x528.webp 768w\" sizes=\"auto, (max-width: 800px) 100vw, 800px\" \/><\/figure>\n\n\n\n<figure class=\"wp-block-image size-large\"><img loading=\"lazy\" decoding=\"async\" width=\"800\" height=\"550\" data-id=\"7177\" src=\"http:\/\/yucelsarialtin.com\/wp-content\/uploads\/2026\/01\/turk-estetik-cerrahi-dernegi.webp\" alt=\"\" class=\"wp-image-7177\" srcset=\"https:\/\/yucelsarialtin.com\/wp-content\/uploads\/2026\/01\/turk-estetik-cerrahi-dernegi.webp 800w, https:\/\/yucelsarialtin.com\/wp-content\/uploads\/2026\/01\/turk-estetik-cerrahi-dernegi-300x206.webp 300w, https:\/\/yucelsarialtin.com\/wp-content\/uploads\/2026\/01\/turk-estetik-cerrahi-dernegi-768x528.webp 768w\" sizes=\"auto, (max-width: 800px) 100vw, 800px\" \/><\/figure>\n\n\n\n<figure class=\"wp-block-image size-large\"><img loading=\"lazy\" decoding=\"async\" width=\"800\" height=\"550\" data-id=\"7178\" src=\"http:\/\/yucelsarialtin.com\/wp-content\/uploads\/2026\/01\/uluslararasi-saglik-turizm-belgesi.webp\" alt=\"\" class=\"wp-image-7178\" srcset=\"https:\/\/yucelsarialtin.com\/wp-content\/uploads\/2026\/01\/uluslararasi-saglik-turizm-belgesi.webp 800w, https:\/\/yucelsarialtin.com\/wp-content\/uploads\/2026\/01\/uluslararasi-saglik-turizm-belgesi-300x206.webp 300w, https:\/\/yucelsarialtin.com\/wp-content\/uploads\/2026\/01\/uluslararasi-saglik-turizm-belgesi-768x528.webp 768w\" sizes=\"auto, (max-width: 800px) 100vw, 800px\" \/><\/figure>\n\n\n\n<figure class=\"wp-block-image size-large\"><img loading=\"lazy\" decoding=\"async\" width=\"800\" height=\"550\" data-id=\"7179\" src=\"http:\/\/yucelsarialtin.com\/wp-content\/uploads\/2026\/01\/x-factor-katilim-belgesi.webp\" alt=\"\" class=\"wp-image-7179\" srcset=\"https:\/\/yucelsarialtin.com\/wp-content\/uploads\/2026\/01\/x-factor-katilim-belgesi.webp 800w, https:\/\/yucelsarialtin.com\/wp-content\/uploads\/2026\/01\/x-factor-katilim-belgesi-300x206.webp 300w, https:\/\/yucelsarialtin.com\/wp-content\/uploads\/2026\/01\/x-factor-katilim-belgesi-768x528.webp 768w\" sizes=\"auto, (max-width: 800px) 100vw, 800px\" \/><\/figure>\n<\/figure>\n","protected":false},"excerpt":{"rendered":"<p>Qui est le Docteur Op\u00e9rateur Y\u00fccel Sar\u0131alt\u0131n? Nos vies sont \u00e0 la fois courtes et longues. Vivre pleinement, construire une vie avec ses plaisirs et ses peines, c&rsquo;est le souhait&#8230;<\/p>\n","protected":false},"author":1,"featured_media":7164,"parent":0,"menu_order":0,"comment_status":"closed","ping_status":"closed","template":"page-about.php","meta":{"_acf_changed":false,"om_disable_all_campaigns":false,"_monsterinsights_skip_tracking":false,"_monsterinsights_sitenote_active":false,"_monsterinsights_sitenote_note":"","_monsterinsights_sitenote_category":0,"footnotes":""},"class_list":["post-1288","page","type-page","status-publish","has-post-thumbnail","hentry"],"acf":[],"aioseo_notices":[],"_links":{"self":[{"href":"https:\/\/yucelsarialtin.com\/fr\/wp-json\/wp\/v2\/pages\/1288","targetHints":{"allow":["GET"]}}],"collection":[{"href":"https:\/\/yucelsarialtin.com\/fr\/wp-json\/wp\/v2\/pages"}],"about":[{"href":"https:\/\/yucelsarialtin.com\/fr\/wp-json\/wp\/v2\/types\/page"}],"author":[{"embeddable":true,"href":"https:\/\/yucelsarialtin.com\/fr\/wp-json\/wp\/v2\/users\/1"}],"replies":[{"embeddable":true,"href":"https:\/\/yucelsarialtin.com\/fr\/wp-json\/wp\/v2\/comments?post=1288"}],"version-history":[{"count":1,"href":"https:\/\/yucelsarialtin.com\/fr\/wp-json\/wp\/v2\/pages\/1288\/revisions"}],"predecessor-version":[{"id":7315,"href":"https:\/\/yucelsarialtin.com\/fr\/wp-json\/wp\/v2\/pages\/1288\/revisions\/7315"}],"wp:featuredmedia":[{"embeddable":true,"href":"https:\/\/yucelsarialtin.com\/fr\/wp-json\/wp\/v2\/media\/7164"}],"wp:attachment":[{"href":"https:\/\/yucelsarialtin.com\/fr\/wp-json\/wp\/v2\/media?parent=1288"}],"curies":[{"name":"wp","href":"https:\/\/api.w.org\/{rel}","templated":true}]}}