{"id":1264,"date":"2026-01-18T03:42:22","date_gmt":"2026-01-18T00:42:22","guid":{"rendered":"http:\/\/yucelsarialtin.com\/sobre-mi\/"},"modified":"2026-02-01T02:51:05","modified_gmt":"2026-01-31T23:51:05","slug":"sobre-mi","status":"publish","type":"page","link":"https:\/\/yucelsarialtin.com\/es\/sobre-mi","title":{"rendered":"Sobre Mi"},"content":{"rendered":"<h1>Qui\u00e9n es el Cirujano Doctor Y\u00fccel Sar\u0131alt\u0131n?<\/h1>\n<p>Naci\u00f3 en \u00c7orum en 1981. Complet\u00f3 su educaci\u00f3n primaria y secundaria en \u00c7orum y recibi\u00f3 su educaci\u00f3n m\u00e9dica en la Facultad de medicina de la Universidad 19 May\u0131s. Tambi\u00e9n ha recibido capacitaciones para medicina de emergencia en un per\u00edodo de 2 a\u00f1os, donde trabaj\u00f3 como m\u00e9dico practicante. Gan\u00f3 el examen TUS en 2006 y continu\u00f3 su educaci\u00f3n de especializaci\u00f3n en la Universidad S\u00fcleyman Demirel. En este proceso, estudi\u00f3 experiencia especial en el campo de la microcirug\u00eda, cirug\u00eda maxilofacial y de la mano. Fue exitosamente en cirug\u00eda hasta 4000.<\/p>\n<p>Durante su formaci\u00f3n en especializaci\u00f3n, se llev\u00f3 a cabo como observador en cirug\u00eda en varios centros est\u00e9ticos en Turqu\u00eda y en el extranjero, dando varios seminarios. Ha preparado su tesis sobre &ldquo;evaluaci\u00f3n radiol\u00f3gica de la relaci\u00f3n de osteotom\u00eda lateral tridimensional con conducto lagrimal en rinoplastia&rdquo;.<\/p>\n<p>Con la realizaci\u00f3n de la formaci\u00f3n de especializaci\u00f3n en 2012, Erzurum cumpli\u00f3 su servicio obligatorio. Durante su servicio de dos a\u00f1os en Erzurum, el funcionamiento est\u00e9tico de la est\u00e9tica de la nariz fue de aproximadamente 1000.<\/p>\n<p>[BREAKLINE]<\/p>\n<h2>Certificados<\/h2>\n\n\n<figure class=\"wp-block-gallery has-nested-images columns-default is-cropped wp-block-gallery-1 is-layout-flex wp-block-gallery-is-layout-flex\">\n<figure class=\"wp-block-image size-large\"><img loading=\"lazy\" decoding=\"async\" width=\"800\" height=\"550\" data-id=\"7166\" src=\"http:\/\/yucelsarialtin.com\/wp-content\/uploads\/2026\/01\/2-rinoplasti-kursu.webp\" alt=\"\" class=\"wp-image-7166\" srcset=\"https:\/\/yucelsarialtin.com\/wp-content\/uploads\/2026\/01\/2-rinoplasti-kursu.webp 800w, https:\/\/yucelsarialtin.com\/wp-content\/uploads\/2026\/01\/2-rinoplasti-kursu-300x206.webp 300w, https:\/\/yucelsarialtin.com\/wp-content\/uploads\/2026\/01\/2-rinoplasti-kursu-768x528.webp 768w\" sizes=\"auto, (max-width: 800px) 100vw, 800px\" \/><\/figure>\n\n\n\n<figure class=\"wp-block-image size-large\"><img loading=\"lazy\" decoding=\"async\" width=\"800\" height=\"550\" data-id=\"7167\" src=\"http:\/\/yucelsarialtin.com\/wp-content\/uploads\/2026\/01\/29-estetik-cerrahi-ulusal-kongresi.webp\" alt=\"\" class=\"wp-image-7167\" srcset=\"https:\/\/yucelsarialtin.com\/wp-content\/uploads\/2026\/01\/29-estetik-cerrahi-ulusal-kongresi.webp 800w, https:\/\/yucelsarialtin.com\/wp-content\/uploads\/2026\/01\/29-estetik-cerrahi-ulusal-kongresi-300x206.webp 300w, https:\/\/yucelsarialtin.com\/wp-content\/uploads\/2026\/01\/29-estetik-cerrahi-ulusal-kongresi-768x528.webp 768w\" sizes=\"auto, (max-width: 800px) 100vw, 800px\" \/><\/figure>\n\n\n\n<figure class=\"wp-block-image size-large\"><img loading=\"lazy\" decoding=\"async\" width=\"800\" height=\"550\" data-id=\"7168\" src=\"http:\/\/yucelsarialtin.com\/wp-content\/uploads\/2026\/01\/30-estetik-cerrahi-ulusal-kongresi.webp\" alt=\"\" class=\"wp-image-7168\" srcset=\"https:\/\/yucelsarialtin.com\/wp-content\/uploads\/2026\/01\/30-estetik-cerrahi-ulusal-kongresi.webp 800w, https:\/\/yucelsarialtin.com\/wp-content\/uploads\/2026\/01\/30-estetik-cerrahi-ulusal-kongresi-300x206.webp 300w, https:\/\/yucelsarialtin.com\/wp-content\/uploads\/2026\/01\/30-estetik-cerrahi-ulusal-kongresi-768x528.webp 768w\" sizes=\"auto, (max-width: 800px) 100vw, 800px\" \/><\/figure>\n\n\n\n<figure class=\"wp-block-image size-large\"><img loading=\"lazy\" decoding=\"async\" width=\"800\" height=\"550\" data-id=\"7169\" src=\"http:\/\/yucelsarialtin.com\/wp-content\/uploads\/2026\/01\/2019-tarih-kultur-egitim-dernegi-sertifikasi.webp\" alt=\"\" class=\"wp-image-7169\" srcset=\"https:\/\/yucelsarialtin.com\/wp-content\/uploads\/2026\/01\/2019-tarih-kultur-egitim-dernegi-sertifikasi.webp 800w, https:\/\/yucelsarialtin.com\/wp-content\/uploads\/2026\/01\/2019-tarih-kultur-egitim-dernegi-sertifikasi-300x206.webp 300w, https:\/\/yucelsarialtin.com\/wp-content\/uploads\/2026\/01\/2019-tarih-kultur-egitim-dernegi-sertifikasi-768x528.webp 768w\" sizes=\"auto, (max-width: 800px) 100vw, 800px\" \/><\/figure>\n\n\n\n<figure class=\"wp-block-image size-large\"><img loading=\"lazy\" decoding=\"async\" width=\"800\" height=\"550\" data-id=\"7170\" src=\"http:\/\/yucelsarialtin.com\/wp-content\/uploads\/2026\/01\/2020-tarih-kultur-egitim-dernegi-sertifikasi.webp\" alt=\"\" class=\"wp-image-7170\" srcset=\"https:\/\/yucelsarialtin.com\/wp-content\/uploads\/2026\/01\/2020-tarih-kultur-egitim-dernegi-sertifikasi.webp 800w, https:\/\/yucelsarialtin.com\/wp-content\/uploads\/2026\/01\/2020-tarih-kultur-egitim-dernegi-sertifikasi-300x206.webp 300w, https:\/\/yucelsarialtin.com\/wp-content\/uploads\/2026\/01\/2020-tarih-kultur-egitim-dernegi-sertifikasi-768x528.webp 768w\" sizes=\"auto, (max-width: 800px) 100vw, 800px\" \/><\/figure>\n\n\n\n<figure class=\"wp-block-image size-large\"><img loading=\"lazy\" decoding=\"async\" width=\"800\" height=\"550\" data-id=\"7171\" src=\"http:\/\/yucelsarialtin.com\/wp-content\/uploads\/2026\/01\/2021-tarih-kultur-egitim-dernegi-sertifikasi.webp\" alt=\"\" class=\"wp-image-7171\" srcset=\"https:\/\/yucelsarialtin.com\/wp-content\/uploads\/2026\/01\/2021-tarih-kultur-egitim-dernegi-sertifikasi.webp 800w, https:\/\/yucelsarialtin.com\/wp-content\/uploads\/2026\/01\/2021-tarih-kultur-egitim-dernegi-sertifikasi-300x206.webp 300w, https:\/\/yucelsarialtin.com\/wp-content\/uploads\/2026\/01\/2021-tarih-kultur-egitim-dernegi-sertifikasi-768x528.webp 768w\" sizes=\"auto, (max-width: 800px) 100vw, 800px\" \/><\/figure>\n\n\n\n<figure class=\"wp-block-image size-large\"><img loading=\"lazy\" decoding=\"async\" width=\"800\" height=\"550\" data-id=\"7172\" src=\"http:\/\/yucelsarialtin.com\/wp-content\/uploads\/2026\/01\/2022-tarih-kultur-egitim-dernegi-sertifikasi.webp\" alt=\"\" class=\"wp-image-7172\" srcset=\"https:\/\/yucelsarialtin.com\/wp-content\/uploads\/2026\/01\/2022-tarih-kultur-egitim-dernegi-sertifikasi.webp 800w, https:\/\/yucelsarialtin.com\/wp-content\/uploads\/2026\/01\/2022-tarih-kultur-egitim-dernegi-sertifikasi-300x206.webp 300w, https:\/\/yucelsarialtin.com\/wp-content\/uploads\/2026\/01\/2022-tarih-kultur-egitim-dernegi-sertifikasi-768x528.webp 768w\" sizes=\"auto, (max-width: 800px) 100vw, 800px\" \/><\/figure>\n\n\n\n<figure class=\"wp-block-image size-large\"><img loading=\"lazy\" decoding=\"async\" width=\"700\" height=\"481\" data-id=\"7173\" src=\"http:\/\/yucelsarialtin.com\/wp-content\/uploads\/2026\/01\/acil-hekimligi-sertifikasi_6420677.webp\" alt=\"\" class=\"wp-image-7173\" srcset=\"https:\/\/yucelsarialtin.com\/wp-content\/uploads\/2026\/01\/acil-hekimligi-sertifikasi_6420677.webp 700w, https:\/\/yucelsarialtin.com\/wp-content\/uploads\/2026\/01\/acil-hekimligi-sertifikasi_6420677-300x206.webp 300w\" sizes=\"auto, (max-width: 700px) 100vw, 700px\" \/><\/figure>\n\n\n\n<figure class=\"wp-block-image size-large\"><img loading=\"lazy\" decoding=\"async\" width=\"800\" height=\"550\" data-id=\"7174\" src=\"http:\/\/yucelsarialtin.com\/wp-content\/uploads\/2026\/01\/aqua-filling-kursu.webp\" alt=\"\" class=\"wp-image-7174\" srcset=\"https:\/\/yucelsarialtin.com\/wp-content\/uploads\/2026\/01\/aqua-filling-kursu.webp 800w, https:\/\/yucelsarialtin.com\/wp-content\/uploads\/2026\/01\/aqua-filling-kursu-300x206.webp 300w, https:\/\/yucelsarialtin.com\/wp-content\/uploads\/2026\/01\/aqua-filling-kursu-768x528.webp 768w\" sizes=\"auto, (max-width: 800px) 100vw, 800px\" \/><\/figure>\n\n\n\n<figure class=\"wp-block-image size-large\"><img loading=\"lazy\" decoding=\"async\" width=\"800\" height=\"550\" data-id=\"7175\" src=\"http:\/\/yucelsarialtin.com\/wp-content\/uploads\/2026\/01\/orumcek-agi-teknigi-uzmanligi-sertifikasi.webp\" alt=\"\" class=\"wp-image-7175\" srcset=\"https:\/\/yucelsarialtin.com\/wp-content\/uploads\/2026\/01\/orumcek-agi-teknigi-uzmanligi-sertifikasi.webp 800w, https:\/\/yucelsarialtin.com\/wp-content\/uploads\/2026\/01\/orumcek-agi-teknigi-uzmanligi-sertifikasi-300x206.webp 300w, https:\/\/yucelsarialtin.com\/wp-content\/uploads\/2026\/01\/orumcek-agi-teknigi-uzmanligi-sertifikasi-768x528.webp 768w\" sizes=\"auto, (max-width: 800px) 100vw, 800px\" \/><\/figure>\n\n\n\n<figure class=\"wp-block-image size-large\"><img loading=\"lazy\" decoding=\"async\" width=\"800\" height=\"550\" data-id=\"7176\" src=\"http:\/\/yucelsarialtin.com\/wp-content\/uploads\/2026\/01\/spider-web-tecnique-sertifikasi.webp\" alt=\"\" class=\"wp-image-7176\" srcset=\"https:\/\/yucelsarialtin.com\/wp-content\/uploads\/2026\/01\/spider-web-tecnique-sertifikasi.webp 800w, https:\/\/yucelsarialtin.com\/wp-content\/uploads\/2026\/01\/spider-web-tecnique-sertifikasi-300x206.webp 300w, https:\/\/yucelsarialtin.com\/wp-content\/uploads\/2026\/01\/spider-web-tecnique-sertifikasi-768x528.webp 768w\" sizes=\"auto, (max-width: 800px) 100vw, 800px\" \/><\/figure>\n\n\n\n<figure class=\"wp-block-image size-large\"><img loading=\"lazy\" decoding=\"async\" width=\"800\" height=\"550\" data-id=\"7177\" src=\"http:\/\/yucelsarialtin.com\/wp-content\/uploads\/2026\/01\/turk-estetik-cerrahi-dernegi.webp\" alt=\"\" class=\"wp-image-7177\" srcset=\"https:\/\/yucelsarialtin.com\/wp-content\/uploads\/2026\/01\/turk-estetik-cerrahi-dernegi.webp 800w, https:\/\/yucelsarialtin.com\/wp-content\/uploads\/2026\/01\/turk-estetik-cerrahi-dernegi-300x206.webp 300w, https:\/\/yucelsarialtin.com\/wp-content\/uploads\/2026\/01\/turk-estetik-cerrahi-dernegi-768x528.webp 768w\" sizes=\"auto, (max-width: 800px) 100vw, 800px\" \/><\/figure>\n\n\n\n<figure class=\"wp-block-image size-large\"><img loading=\"lazy\" decoding=\"async\" width=\"800\" height=\"550\" data-id=\"7178\" src=\"http:\/\/yucelsarialtin.com\/wp-content\/uploads\/2026\/01\/uluslararasi-saglik-turizm-belgesi.webp\" alt=\"\" class=\"wp-image-7178\" srcset=\"https:\/\/yucelsarialtin.com\/wp-content\/uploads\/2026\/01\/uluslararasi-saglik-turizm-belgesi.webp 800w, https:\/\/yucelsarialtin.com\/wp-content\/uploads\/2026\/01\/uluslararasi-saglik-turizm-belgesi-300x206.webp 300w, https:\/\/yucelsarialtin.com\/wp-content\/uploads\/2026\/01\/uluslararasi-saglik-turizm-belgesi-768x528.webp 768w\" sizes=\"auto, (max-width: 800px) 100vw, 800px\" \/><\/figure>\n\n\n\n<figure class=\"wp-block-image size-large\"><img loading=\"lazy\" decoding=\"async\" width=\"800\" height=\"550\" data-id=\"7179\" src=\"http:\/\/yucelsarialtin.com\/wp-content\/uploads\/2026\/01\/x-factor-katilim-belgesi.webp\" alt=\"\" class=\"wp-image-7179\" srcset=\"https:\/\/yucelsarialtin.com\/wp-content\/uploads\/2026\/01\/x-factor-katilim-belgesi.webp 800w, https:\/\/yucelsarialtin.com\/wp-content\/uploads\/2026\/01\/x-factor-katilim-belgesi-300x206.webp 300w, https:\/\/yucelsarialtin.com\/wp-content\/uploads\/2026\/01\/x-factor-katilim-belgesi-768x528.webp 768w\" sizes=\"auto, (max-width: 800px) 100vw, 800px\" \/><\/figure>\n<\/figure>\n","protected":false},"excerpt":{"rendered":"<p>Qui\u00e9n es el Cirujano Doctor Y\u00fccel Sar\u0131alt\u0131n? Naci\u00f3 en \u00c7orum en 1981. Complet\u00f3 su educaci\u00f3n primaria y secundaria en \u00c7orum y recibi\u00f3 su educaci\u00f3n m\u00e9dica en la Facultad de medicina&#8230;<\/p>\n","protected":false},"author":1,"featured_media":7162,"parent":0,"menu_order":0,"comment_status":"closed","ping_status":"closed","template":"page-about.php","meta":{"_acf_changed":false,"om_disable_all_campaigns":false,"_monsterinsights_skip_tracking":false,"_monsterinsights_sitenote_active":false,"_monsterinsights_sitenote_note":"","_monsterinsights_sitenote_category":0,"footnotes":""},"class_list":["post-1264","page","type-page","status-publish","has-post-thumbnail","hentry"],"acf":[],"aioseo_notices":[],"_links":{"self":[{"href":"https:\/\/yucelsarialtin.com\/es\/wp-json\/wp\/v2\/pages\/1264","targetHints":{"allow":["GET"]}}],"collection":[{"href":"https:\/\/yucelsarialtin.com\/es\/wp-json\/wp\/v2\/pages"}],"about":[{"href":"https:\/\/yucelsarialtin.com\/es\/wp-json\/wp\/v2\/types\/page"}],"author":[{"embeddable":true,"href":"https:\/\/yucelsarialtin.com\/es\/wp-json\/wp\/v2\/users\/1"}],"replies":[{"embeddable":true,"href":"https:\/\/yucelsarialtin.com\/es\/wp-json\/wp\/v2\/comments?post=1264"}],"version-history":[{"count":1,"href":"https:\/\/yucelsarialtin.com\/es\/wp-json\/wp\/v2\/pages\/1264\/revisions"}],"predecessor-version":[{"id":7331,"href":"https:\/\/yucelsarialtin.com\/es\/wp-json\/wp\/v2\/pages\/1264\/revisions\/7331"}],"wp:featuredmedia":[{"embeddable":true,"href":"https:\/\/yucelsarialtin.com\/es\/wp-json\/wp\/v2\/media\/7162"}],"wp:attachment":[{"href":"https:\/\/yucelsarialtin.com\/es\/wp-json\/wp\/v2\/media?parent=1264"}],"curies":[{"name":"wp","href":"https:\/\/api.w.org\/{rel}","templated":true}]}}