{"id":1285,"date":"2026-01-18T03:42:54","date_gmt":"2026-01-18T00:42:54","guid":{"rendered":"http:\/\/yucelsarialtin.com\/nasu-tawdih-qanun-himayat-albayanat-alshakhsia\/"},"modified":"2026-01-18T03:43:02","modified_gmt":"2026-01-18T00:43:02","slug":"nasu-tawdih-qanun-himayat-albayanat-alshakhsia","status":"publish","type":"page","link":"https:\/\/yucelsarialtin.com\/ar\/nasu-tawdih-qanun-himayat-albayanat-alshakhsia","title":{"rendered":"\u0646\u0635 \u062a\u0648\u0636\u064a\u062d \u0642\u0627\u0646\u0648\u0646 \u062d\u0645\u0627\u064a\u0629 \u0627\u0644\u0628\u064a\u0627\u0646\u0627\u062a \u0627\u0644\u0634\u062e\u0635\u064a\u0629"},"content":{"rendered":"<p dir=\"rtl\">\u062a\u0645 \u0625\u0639\u062f\u0627\u062f \u0647\u0630\u0627 \u0627\u0644\u0646\u0635 \u0627\u0644\u062a\u0648\u0636\u064a\u062d\u064a\u060c \u0648\u0641\u0642\u064b\u0627 \u0644\u0644\u0642\u0627\u0646\u0648\u0646 \u0631\u0642\u0645 6698 \u0628\u0634\u0623\u0646 \u062d\u0645\u0627\u064a\u0629 \u0627\u0644\u0628\u064a\u0627\u0646\u0627\u062a \u0627\u0644\u0634\u062e\u0635\u064a\u0629 (&ldquo;\u0627\u0644\u0642\u0627\u0646\u0648\u0646&rdquo;)\u060c \u0628\u0648\u0627\u0633\u0637\u0629 Opr. Dr. Y\u00fccel Sar\u0131alt\u0131n Klinik (&ldquo;\u0627\u0644\u0639\u064a\u0627\u062f\u0629&rdquo;) \u0628\u0647\u062f\u0641 \u0625\u0628\u0644\u0627\u063a \u0627\u0644\u0645\u0639\u0646\u064a\u064a\u0646 \u0628\u0627\u0644\u0625\u062c\u0631\u0627\u0621\u0627\u062a \u0648\u0627\u0644\u0645\u0628\u0627\u062f\u0626 \u0627\u0644\u0645\u062a\u0639\u0644\u0642\u0629 \u0628\u062d\u0645\u0627\u064a\u0629 \u0648\u0645\u0639\u0627\u0644\u062c\u0629 \u0627\u0644\u0628\u064a\u0627\u0646\u0627\u062a \u0627\u0644\u0634\u062e\u0635\u064a\u0629 \u0627\u0644\u062a\u064a \u062a\u0645 \u0627\u0644\u062d\u0635\u0648\u0644 \u0639\u0644\u064a\u0647\u0627 \u0645\u0646 \u0623\u0635\u062d\u0627\u0628 \u0627\u0644\u0628\u064a\u0627\u0646\u0627\u062a.<\/p>\n<p dir=\"rtl\">\u0641\u064a \u0625\u0637\u0627\u0631 \u0642\u0627\u0646\u0648\u0646 \u062d\u0645\u0627\u064a\u0629 \u0627\u0644\u0628\u064a\u0627\u0646\u0627\u062a \u0627\u0644\u0634\u062e\u0635\u064a\u0629 \u0631\u0642\u0645 6698 (&ldquo;KVKK&rdquo;)\u060c \u0643\u0640 Opr. Dr. Y\u00fccel Sar\u0131alt\u0131n\u060c \u0646\u0638\u0647\u0631 \u0623\u0642\u0635\u0649 \u062f\u0631\u062c\u0627\u062a \u0627\u0644\u062d\u0633\u0627\u0633\u064a\u0629 \u062a\u062c\u0627\u0647 \u0623\u0645\u0627\u0646 \u0628\u064a\u0627\u0646\u0627\u062a\u0643\u0645 \u0627\u0644\u0634\u062e\u0635\u064a\u0629. \u0628\u0647\u0630\u0627 \u0627\u0644\u0648\u0639\u064a\u060c \u062a\u062e\u0636\u0639 \u0627\u0644\u0628\u064a\u0627\u0646\u0627\u062a \u0627\u0644\u0634\u062e\u0635\u064a\u0629 \u0644\u0644\u0623\u0634\u062e\u0627\u0635 \u0627\u0644\u0637\u0628\u064a\u0639\u064a\u064a\u0646 \u0627\u0644\u0630\u064a\u0646 \u064a\u062a\u0645 \u0641\u062d\u0635\u0647\u0645 \u0641\u064a \u0627\u0644\u0639\u064a\u0627\u062f\u0629 \u0623\u0648 \u0627\u0644\u0630\u064a\u0646 \u064a\u062a\u0642\u062f\u0645\u0648\u0646 \u0644\u0647\u0630\u0647 \u0627\u0644\u0623\u063a\u0631\u0627\u0636 \u0644\u0642\u0627\u0646\u0648\u0646 \u062d\u0645\u0627\u064a\u0629 \u0627\u0644\u0628\u064a\u0627\u0646\u0627\u062a \u0627\u0644\u0634\u062e\u0635\u064a\u0629 (&ldquo;\u0627\u0644\u0642\u0627\u0646\u0648\u0646&rdquo;) \u0631\u0642\u0645 6698\u060c \u0648\u0627\u0644\u0644\u0648\u0627\u0626\u062d \u0627\u0644\u062b\u0627\u0646\u0648\u064a\u0629 (\u0627\u0644\u0644\u0627\u0626\u062d\u0629\u060c \u0627\u0644\u0625\u062e\u0637\u0627\u0631\u060c \u0627\u0644\u0645\u0646\u0634\u0648\u0631) \u0648\u0627\u0644\u0644\u0648\u0627\u0626\u062d \u0627\u0644\u0645\u0644\u0632\u0645\u0629. \u0646\u0648\u0644\u064a \u0623\u0647\u0645\u064a\u0629 \u0643\u0628\u064a\u0631\u0629 \u0644\u0645\u0639\u0627\u0644\u062c\u0629 \u0648\u062d\u0641\u0638 \u0627\u0644\u0628\u064a\u0627\u0646\u0627\u062a \u0627\u0644\u0634\u062e\u0635\u064a\u0629 \u0648\u0641\u0642\u064b\u0627 \u0644\u0644\u0642\u0631\u0627\u0631\u0627\u062a \u0627\u0644\u0645\u062a\u062e\u0630\u0629 \u0648\u0627\u0644\u0645\u0633\u062a\u0642\u0628\u0644\u0629 \u0645\u0646 \u0642\u0628\u0644 \u0645\u062c\u0644\u0633 \u0627\u0644\u062d\u0645\u0627\u064a\u0629. \u0641\u064a \u0625\u0637\u0627\u0631 \u0647\u0630\u0647 \u0627\u0644\u0645\u0633\u0624\u0648\u0644\u064a\u0629\u060c \u0646\u0639\u0645\u0644 \u0636\u0645\u0646 \u0627\u0644\u062d\u062f\u0648\u062f \u0627\u0644\u062a\u064a \u062a\u0623\u0645\u0631 \u0628\u0647\u0627 \u0627\u0644\u062a\u0634\u0631\u064a\u0639\u0627\u062a\u060c \u0643\u0640 &ldquo;\u0645\u062a\u0635\u0631\u0641 \u0628\u0627\u0644\u0628\u064a\u0627\u0646\u0627\u062a&rdquo; \u0643\u0645\u0627 \u0647\u0648 \u0645\u062d\u062f\u062f \u0641\u064a \u0627\u0644\u0642\u0627\u0646\u0648\u0646. \u0633\u064a\u062a\u0645 \u0645\u0639\u0627\u0644\u062c\u0629 \u0648\u062d\u0641\u0638 \u0628\u064a\u0627\u0646\u0627\u062a\u0643\u0645 \u0627\u0644\u0634\u062e\u0635\u064a\u0629 \u0627\u0644\u0645\u0639\u0646\u064a\u0629 \u0641\u064a \u0628\u064a\u0626\u0629 \u063a\u064a\u0631 \u0639\u0627\u0645\u0629\u060c \u0628\u0634\u0631\u0637 \u0639\u062f\u0645 \u0627\u0633\u062a\u062e\u062f\u0627\u0645\u0647\u0627 \u062e\u0627\u0631\u062c \u0627\u0644\u0623\u063a\u0631\u0627\u0636 \u0648\u0627\u0644\u0646\u0637\u0627\u0642 \u0627\u0644\u0645\u062d\u062f\u062f \u0641\u064a \u0647\u0630\u0627 \u0627\u0644\u0646\u0635 \u0627\u0644\u062a\u0648\u0636\u064a\u062d\u064a.<\/p>\n<p dir=\"rtl\">\u0646\u0648\u062f \u0623\u0646 \u0646\u0624\u0643\u062f \u0623\u0646 \u0647\u0630\u0627 \u0627\u0644\u0646\u0635 \u0627\u0644\u062a\u0648\u0636\u064a\u062d\u064a \u064a\u0634\u0645\u0644 \u0627\u0644\u0623\u0634\u062e\u0627\u0635 \u0627\u0644\u0637\u0628\u064a\u0639\u064a\u064a\u0646 \u0627\u0644\u0630\u064a\u0646 \u064a\u062a\u0645 \u0641\u062d\u0635\u0647\u0645 \u062f\u0627\u062e\u0644 \u0627\u0644\u0639\u064a\u0627\u062f\u0629 \u0623\u0648 \u0627\u0644\u0630\u064a\u0646 \u064a\u062a\u0635\u0644\u0648\u0646 \u0628\u0646\u0627 \u0639\u0628\u0631 \u0642\u0646\u0648\u0627\u062a \u0627\u0644\u0627\u062a\u0635\u0627\u0644 \u0627\u0644\u062e\u0627\u0635\u0629 \u0628\u0646\u0627 \u0644\u0647\u0630\u0627 \u0627\u0644\u063a\u0631\u0636\u061b \u0641\u064a \u062d\u0627\u0644\u0629 \u0648\u062c\u0648\u062f \u062d\u0627\u0644\u0627\u062a \u062a\u062a\u0637\u0644\u0628 \u0645\u0639\u0627\u0644\u062c\u0629 \u0625\u0636\u0627\u0641\u064a\u0629 \u0644\u0628\u064a\u0627\u0646\u0627\u062a\u0643\u0645 \u0627\u0644\u0634\u062e\u0635\u064a\u0629 \u0636\u0645\u0646 \u0637\u0631\u064a\u0642\u0629 \u0627\u0644\u0639\u0644\u0627\u062c \u0627\u0644\u0645\u062a\u0641\u0642 \u0639\u0644\u064a\u0647\u0627 \u0628\u0639\u062f \u0627\u0644\u0641\u062d\u0635\u060c \u064a\u062a\u0645 \u0623\u064a\u0636\u064b\u0627 \u0625\u062e\u0637\u0627\u0631 \u0627\u0644\u0634\u062e\u0635 \u0627\u0644\u0645\u0639\u0646\u064a \u0628\u0646\u0635 \u0627\u0644\u062a\u0648\u0636\u064a\u062d \u0627\u0644\u062e\u0627\u0635 \u0628\u0646\u0627 \u062d\u0648\u0644 \u062d\u0645\u0627\u064a\u0629 \u0648\u0645\u0639\u0627\u0644\u062c\u0629 \u0647\u0630\u0647 \u0627\u0644\u0628\u064a\u0627\u0646\u0627\u062a.<\/p>\n<h2 dir=\"rtl\">\u0627\u0644\u063a\u0631\u0636 \u0645\u0646 \u0645\u0639\u0627\u0644\u062c\u0629 \u0627\u0644\u0628\u064a\u0627\u0646\u0627\u062a \u0627\u0644\u0634\u062e\u0635\u064a\u0629<\/h2>\n<p dir=\"rtl\"><strong>\u0628\u064a\u0627\u0646\u0627\u062a \u0627\u0644\u0647\u0648\u064a\u0629:<\/strong> \u0627\u0633\u0645\u0643\u060c \u0644\u0642\u0628\u0643<\/p>\n<p dir=\"rtl\"><strong>\u0627\u0644\u0627\u062a\u0635\u0627\u0644:<\/strong> \u0631\u0642\u0645 \u0647\u0627\u062a\u0641\u0643\u060c \u0639\u0646\u0648\u0627\u0646 \u0628\u0631\u064a\u062f\u0643 \u0627\u0644\u0625\u0644\u0643\u062a\u0631\u0648\u0646\u064a \u0648\u0628\u064a\u0627\u0646\u0627\u062a \u0627\u0644\u0627\u062a\u0635\u0627\u0644 \u0627\u0644\u0623\u062e\u0631\u0649<\/p>\n<p dir=\"rtl\">\u064a\u062a\u0645 \u0645\u0639\u0627\u0644\u062c\u0629 \u0628\u064a\u0627\u0646\u0627\u062a\u0643\u0645 \u0627\u0644\u0634\u062e\u0635\u064a\u0629 \u0645\u0646 \u0642\u0628\u0644 \u0627\u0644\u0639\u064a\u0627\u062f\u0629 \u0644\u0644\u0623\u063a\u0631\u0627\u0636 \u0627\u0644\u062a\u0627\u0644\u064a\u0629:<\/p>\n<ul dir=\"rtl\">\n<li>\u062a\u062e\u0637\u064a\u0637 \u0627\u0644\u0627\u0633\u062a\u0631\u0627\u062a\u064a\u062c\u064a\u0629 \u0627\u0644\u062a\u062c\u0627\u0631\u064a\u0629 \u0623\u0648 \u0627\u0644\u0639\u0644\u0645\u064a\u0629\u060c<\/li>\n<li>\u062a\u062d\u062f\u064a\u062f \u0645\u0648\u0639\u062f\u060c<\/li>\n<li>\u0625\u0639\u0644\u0627\u0645 \u0627\u0644\u0645\u0631\u064a\u0636 \u0628\u0627\u0644\u0645\u0648\u0639\u062f\u060c<\/li>\n<li>\u062a\u062d\u0644\u064a\u0644 \u0627\u0633\u062a\u062e\u062f\u0627\u0645 \u062e\u062f\u0645\u0627\u062a\u0646\u0627\u060c<\/li>\n<li>\u0632\u064a\u0627\u062f\u0629 \u0631\u0636\u0627 \u0627\u0644\u0645\u0631\u0636\u0649\u060c<\/li>\n<li>\u062a\u0646\u0641\u064a\u0630 \u0627\u0644\u0623\u0646\u0634\u0637\u0629 \u0627\u0644\u062a\u0648\u0627\u0635\u0644\u064a\u0629\u060c<\/li>\n<\/ul>\n<p dir=\"rtl\">\u0648\u064a\u062a\u0645 \u0645\u0639\u0627\u0644\u062c\u062a\u0647\u0627 \u0636\u0645\u0646 \u0627\u0644\u062d\u062f\u0648\u062f \u0627\u0644\u0645\u062d\u062f\u062f\u0629 \u0641\u064a \u0627\u0644\u0642\u0627\u0646\u0648\u0646\u060c \u0648\u0641\u0642\u064b\u0627 \u0644\u0644\u0642\u0627\u0646\u0648\u0646 \u0648\u0627\u0644\u0646\u0632\u0627\u0647\u0629 \u0648\u062f\u0627\u0626\u0645\u064b\u0627 \u0628\u0645\u0627 \u064a\u062a\u0635\u0644 \u0628\u0647\u0630\u0647 \u0627\u0644\u0623\u063a\u0631\u0627\u0636\u060c \u0628\u0637\u0631\u064a\u0642\u0629 \u0645\u062d\u062f\u0648\u062f\u0629 \u0648\u0645\u0642\u0627\u0633\u0629.<\/p>\n<p dir=\"rtl\">\u064a\u062a\u0645 \u062a\u0633\u062c\u064a\u0644 \u0627\u0644\u0635\u0648\u0631 \u0644\u0623\u063a\u0631\u0627\u0636 \u0627\u0644\u0623\u0645\u0627\u0646 \u062f\u0627\u062e\u0644 \u0627\u0644\u0639\u064a\u0627\u062f\u0629\u060c \u0648\u0625\u0630\u0627 \u0642\u0645\u062a \u0628\u0632\u064a\u0627\u0631\u0629 \u0627\u0644\u0639\u064a\u0627\u062f\u0629 \u0641\u0639\u0644\u064a\u064b\u0627\u060c \u064a\u062a\u0645 \u0645\u0639\u0627\u0644\u062c\u0629 \u0635\u0648\u0631\u0643 \u0628\u0627\u0644\u0643\u0627\u0645\u064a\u0631\u0627\u062a \u0648\u0641\u064a \u062d\u0627\u0644\u0629 \u0648\u062c\u0648\u062f \u0648\u0636\u0639 \u063a\u064a\u0631 \u0642\u0627\u0646\u0648\u0646\u064a \u0623\u0648 \u0645\u0632\u0639\u062c\u060c \u064a\u062a\u0645 \u0645\u0631\u0627\u062c\u0639\u0629 \u0647\u0630\u0647 \u0627\u0644\u0635\u0648\u0631 \u0648\u0645\u0634\u0627\u0631\u0643\u062a\u0647\u0627 \u0645\u0639 \u0627\u0644\u0633\u0644\u0637\u0627\u062a \u0627\u0644\u0645\u062e\u062a\u0635\u0629.<\/p>\n<h2 dir=\"rtl\">\u0646\u0642\u0644 \u0627\u0644\u0628\u064a\u0627\u0646\u0627\u062a \u0627\u0644\u0634\u062e\u0635\u064a\u0629<\/h2>\n<p dir=\"rtl\">\u0644\u0627 \u064a\u062a\u0645 \u0645\u0634\u0627\u0631\u0643\u0629 \u0627\u0644\u0645\u0639\u0644\u0648\u0645\u0627\u062a \u0627\u0644\u0645\u062c\u0645\u0639\u0629 \u0645\u0637\u0644\u0642\u064b\u0627 \u0645\u0639 \u0623\u0637\u0631\u0627\u0641 \u062b\u0627\u0644\u062b\u0629 \u062f\u0648\u0646 \u0639\u0644\u0645\u0643 \u0623\u0648 \u0628\u0637\u0631\u064a\u0642\u0629 \u0623\u062e\u0631\u0649\u060c \u0648\u0644\u0627 \u064a\u062a\u0645 \u0627\u0633\u062a\u062e\u062f\u0627\u0645\u0647\u0627 \u0623\u0648 \u0628\u064a\u0639\u0647\u0627 \u0644\u0623\u063a\u0631\u0627\u0636 \u062a\u062c\u0627\u0631\u064a\u0629 \u0644\u0623\u064a \u0633\u0628\u0628 \u0628\u062e\u0644\u0627\u0641 \u0627\u0644\u0646\u0634\u0627\u0637.<\/p>\n<h2 dir=\"rtl\">\u0637\u0631\u064a\u0642\u0629 \u062c\u0645\u0639 \u0627\u0644\u0628\u064a\u0627\u0646\u0627\u062a \u0627\u0644\u0634\u062e\u0635\u064a\u0629 \u0648\u0627\u0644\u0633\u0628\u0628 \u0627\u0644\u0642\u0627\u0646\u0648\u0646\u064a<\/h2>\n<p dir=\"rtl\">\u064a\u0645\u0643\u0646 \u062c\u0645\u0639 \u0628\u064a\u0627\u0646\u0627\u062a\u0643 \u0627\u0644\u0634\u062e\u0635\u064a\u0629 \u0634\u0641\u0647\u064a\u0627\u064b \u0623\u0648 \u0643\u062a\u0627\u0628\u064a\u0627\u064b \u0623\u0648 \u0625\u0644\u0643\u062a\u0631\u0648\u0646\u064a\u0627\u064b \u0645\u0646 \u0642\u0628\u0644 \u0627\u0644\u0639\u064a\u0627\u062f\u0629 \u0645\u0646 \u062e\u0644\u0627\u0644 \u0627\u0644\u0623\u0633\u0627\u0644\u064a\u0628 \u0627\u0644\u0622\u0644\u064a\u0629 \u0648\u063a\u064a\u0631 \u0627\u0644\u0622\u0644\u064a\u0629 \u0645\u062b\u0644 \u0627\u0644\u0628\u0631\u064a\u062f \u0627\u0644\u0625\u0644\u0643\u062a\u0631\u0648\u0646\u064a\u060c \u0627\u0644\u0647\u0627\u062a\u0641\u060c \u0627\u0644\u0645\u0648\u0642\u0639 \u0627\u0644\u0625\u0644\u0643\u062a\u0631\u0648\u0646\u064a \u0648\u0627\u0644\u0646\u0645\u0627\u0630\u062c \u0627\u0644\u0648\u0631\u0642\u064a\u0629.<\/p>\n<p dir=\"rtl\">\u064a\u062a\u0645 \u0645\u0639\u0627\u0644\u062c\u0629 \u0628\u064a\u0627\u0646\u0627\u062a\u0643 \u0627\u0644\u0634\u062e\u0635\u064a\u0629 \u0627\u0644\u062a\u064a \u062a\u0631\u0633\u0644\u0647\u0627 \u0648\/\u0623\u0648 \u062a\u062f\u062e\u0644\u0647\u0627 \u0639\u0628\u0631 \u062c\u0645\u064a\u0639 \u0642\u0646\u0648\u0627\u062a \u0627\u0644\u0627\u062a\u0635\u0627\u0644 \u0627\u0644\u062e\u0627\u0635\u0629 \u0628\u0646\u0627 \u0648\u0628\u064a\u0627\u0646\u0627\u062a\u0643 \u0627\u0644\u0634\u062e\u0635\u064a\u0629 \u0627\u0644\u062a\u064a \u062a\u0645 \u0627\u0644\u062d\u0635\u0648\u0644 \u0639\u0644\u064a\u0647\u0627 \u0641\u064a \u0627\u0631\u062a\u0628\u0627\u0637 \u0645\u0628\u0627\u0634\u0631 \u0628\u0623\u062f\u0627\u0621 \u0627\u0644\u062e\u062f\u0645\u0629 \u0628\u0646\u0627\u0621\u064b \u0639\u0644\u0649 \u0627\u0644\u0623\u0633\u0628\u0627\u0628 \u0627\u0644\u0642\u0627\u0646\u0648\u0646\u064a\u0629 \u0627\u0644\u062a\u064a \u062a\u0646\u0635 \u0639\u0644\u0649 \u0623\u0646 \u0645\u0639\u0627\u0644\u062c\u0629 \u0627\u0644\u0628\u064a\u0627\u0646\u0627\u062a \u0636\u0631\u0648\u0631\u064a\u0629 \u0644\u0625\u0642\u0627\u0645\u0629 \u0648\u0627\u0633\u062a\u062e\u062f\u0627\u0645 \u0648\u062d\u0645\u0627\u064a\u0629 \u0627\u0644\u062d\u0642 \u0648\u0623\u0646 \u0645\u0639\u0627\u0644\u062c\u0629 \u0627\u0644\u0628\u064a\u0627\u0646\u0627\u062a \u0636\u0631\u0648\u0631\u064a\u0629 \u0644\u0644\u0645\u0635\u0627\u0644\u062d \u0627\u0644\u0645\u0634\u0631\u0648\u0639\u0629 \u0644\u0645\u062a\u062d\u0643\u0645 \u0627\u0644\u0628\u064a\u0627\u0646\u0627\u062a\u060c \u0628\u0634\u0631\u0637 \u0639\u062f\u0645 \u0627\u0644\u0625\u0636\u0631\u0627\u0631 \u0628\u0627\u0644\u062d\u0642\u0648\u0642 \u0648\u0627\u0644\u062d\u0631\u064a\u0627\u062a \u0627\u0644\u0623\u0633\u0627\u0633\u064a\u0629 \u0644\u0644\u0634\u062e\u0635 \u0627\u0644\u0645\u0639\u0646\u064a.<\/p>\n<h2 dir=\"rtl\">\u062d\u0630\u0641 \u0623\u0648 \u0625\u062a\u0644\u0627\u0641 \u0623\u0648 \u0625\u062e\u0641\u0627\u0621 \u0627\u0644\u0647\u0648\u064a\u0629 \u0644\u0644\u0628\u064a\u0627\u0646\u0627\u062a \u0627\u0644\u0634\u062e\u0635\u064a\u0629<\/h2>\n<p dir=\"rtl\">\u0628\u0645\u0648\u062c\u0628 \u0627\u0644\u0645\u0627\u062f\u0629 7 \u0645\u0646 \u0627\u0644\u0642\u0627\u0646\u0648\u0646\u060c \u0639\u0644\u0649 \u0627\u0644\u0631\u063a\u0645 \u0645\u0646 \u0623\u0646\u0647 \u0642\u062f \u062a\u0645\u062a \u0645\u0639\u0627\u0644\u062c\u0629 \u0627\u0644\u0628\u064a\u0627\u0646\u0627\u062a \u0627\u0644\u0634\u062e\u0635\u064a\u0629 \u0648\u0641\u0642\u064b\u0627 \u0644\u0644\u062a\u0634\u0631\u064a\u0639\u0627\u062a \u0630\u0627\u062a \u0627\u0644\u0635\u0644\u0629\u060c \u064a\u062a\u0645 \u062d\u0630\u0641 \u0627\u0644\u0628\u064a\u0627\u0646\u0627\u062a \u0627\u0644\u0634\u062e\u0635\u064a\u0629 \u0623\u0648 \u0625\u062a\u0644\u0627\u0641\u0647\u0627 \u0623\u0648 \u0625\u062e\u0641\u0627\u0621 \u0647\u0648\u064a\u062a\u0647\u0627 \u0645\u0646 \u0642\u0628\u0644 \u0634\u0631\u0643\u062a\u0646\u0627 \u062a\u0644\u0642\u0627\u0626\u064a\u064b\u0627 \u0623\u0648 \u0628\u0646\u0627\u0621\u064b \u0639\u0644\u0649 \u0637\u0644\u0628 \u0635\u0627\u062d\u0628 \u0627\u0644\u0628\u064a\u0627\u0646\u0627\u062a \u0627\u0644\u0634\u062e\u0635\u064a\u0629 \u0641\u064a \u062d\u0627\u0644\u0629 \u0639\u062f\u0645 \u0635\u0644\u0627\u062d\u064a\u0629 \u0623\u0633\u0628\u0627\u0628 \u0627\u0644\u0645\u0639\u0627\u0644\u062c\u0629.<\/p>\n<p dir=\"rtl\">\u064a\u062a\u0645 \u062a\u0646\u0641\u064a\u0630 \u0627\u0644\u0625\u062c\u0631\u0627\u0621\u0627\u062a \u0648\u0627\u0644\u0645\u0628\u0627\u062f\u0626 \u0627\u0644\u0645\u062a\u0639\u0644\u0642\u0629 \u0628\u0647\u0630\u0627 \u0627\u0644\u0623\u0645\u0631 \u0648\u0641\u0642\u064b\u0627 \u0644\u0644\u0648\u0627\u0626\u062d \u0642\u0627\u0646\u0648\u0646 KVK \u0648\u0627\u0644\u0631\u0633\u0645\u064a \u0627\u0644\u0645\u0646\u0634\u0648\u0631\u0629 \u0641\u064a \u0627\u0644\u062c\u0631\u064a\u062f\u0629 \u0627\u0644\u0631\u0633\u0645\u064a\u0629 \u0628\u062a\u0627\u0631\u064a\u062e 28.10.2017 \u0648\u0631\u0642\u0645 30224.<\/p>\n<p dir=\"rtl\">\u0633\u064a\u062a\u0645 \u062a\u0646\u0641\u064a\u0630\u0647\u0627 \u0648\u0641\u0642\u064b\u0627 \u0644\u0644\u0627\u0626\u062d\u0629 \u0627\u0644\u062e\u0627\u0635\u0629 \u0628\u062d\u0630\u0641 \u0623\u0648 \u0625\u062a\u0644\u0627\u0641 \u0623\u0648 \u0625\u062e\u0641\u0627\u0621 \u0627\u0644\u0647\u0648\u064a\u0629 \u0644\u0644\u0628\u064a\u0627\u0646\u0627\u062a \u0627\u0644\u0634\u062e\u0635\u064a\u0629.<\/p>\n<h2 dir=\"rtl\">\u062d\u0642\u0648\u0642\u0643 \u0628\u0645\u0648\u062c\u0628 \u0642\u0627\u0646\u0648\u0646 \u062d\u0645\u0627\u064a\u0629 \u0627\u0644\u0628\u064a\u0627\u0646\u0627\u062a \u0627\u0644\u0634\u062e\u0635\u064a\u0629<\/h2>\n<p dir=\"rtl\">\u0648\u0641\u0642\u064b\u0627 \u0644\u0644\u0645\u0627\u062f\u0629 11 \u0645\u0646 \u0627\u0644\u0642\u0627\u0646\u0648\u0646\u060c \u064a\u0645\u0643\u0646 \u0644\u0644\u0639\u0645\u0644\u0627\u0621 \u0643\u0623\u0635\u062d\u0627\u0628 \u0627\u0644\u0628\u064a\u0627\u0646\u0627\u062a \u0627\u0644\u0634\u062e\u0635\u064a\u0629:<\/p>\n<ul dir=\"rtl\">\n<li>\u0645\u0639\u0631\u0641\u0629 \u0645\u0627 \u0625\u0630\u0627 \u0643\u0627\u0646\u062a \u0627\u0644\u0628\u064a\u0627\u0646\u0627\u062a \u0627\u0644\u0634\u062e\u0635\u064a\u0629 \u0642\u062f \u062a\u0645\u062a \u0645\u0639\u0627\u0644\u062c\u062a\u0647\u0627 \u0623\u0645 \u0644\u0627\u060c<\/li>\n<li>\u0625\u0630\u0627 \u062a\u0645\u062a \u0645\u0639\u0627\u0644\u062c\u0629 \u0627\u0644\u0628\u064a\u0627\u0646\u0627\u062a \u0627\u0644\u0634\u062e\u0635\u064a\u0629\u060c \u0637\u0644\u0628 \u0645\u0639\u0644\u0648\u0645\u0627\u062a \u0639\u0646\u0647\u0627\u060c<\/li>\n<li>\u0645\u0639\u0631\u0641\u0629 \u0627\u0644\u063a\u0631\u0636 \u0645\u0646 \u0645\u0639\u0627\u0644\u062c\u0629 \u0627\u0644\u0628\u064a\u0627\u0646\u0627\u062a \u0627\u0644\u0634\u062e\u0635\u064a\u0629 \u0648\u0645\u0627 \u0625\u0630\u0627 \u0643\u0627\u0646\u062a \u062a\u064f\u0633\u062a\u062e\u062f\u0645 \u0648\u0641\u0642\u064b\u0627 \u0644\u0644\u063a\u0631\u0636\u060c<\/li>\n<li>\u0645\u0639\u0631\u0641\u0629 \u0627\u0644\u0623\u0637\u0631\u0627\u0641 \u0627\u0644\u062b\u0627\u0644\u062b\u0629 \u0627\u0644\u062a\u064a \u062a\u064f\u0646\u0642\u0644 \u0625\u0644\u064a\u0647\u0627 \u0627\u0644\u0628\u064a\u0627\u0646\u0627\u062a \u0627\u0644\u0634\u062e\u0635\u064a\u0629 \u0641\u064a \u0627\u0644\u062f\u0627\u062e\u0644 \u0623\u0648 \u0627\u0644\u062e\u0627\u0631\u062c\u060c<\/li>\n<li>\u0637\u0644\u0628 \u062a\u0635\u062d\u064a\u062d \u0627\u0644\u0628\u064a\u0627\u0646\u0627\u062a \u0627\u0644\u0634\u062e\u0635\u064a\u0629 \u0641\u064a \u062d\u0627\u0644\u0629 \u0627\u0644\u0645\u0639\u0627\u0644\u062c\u0629 \u063a\u064a\u0631 \u0627\u0644\u0643\u0627\u0645\u0644\u0629 \u0623\u0648 \u063a\u064a\u0631 \u0627\u0644\u0635\u062d\u064a\u062d\u0629\u060c<\/li>\n<li>\u0637\u0644\u0628 \u062d\u0630\u0641 \u0623\u0648 \u0625\u062e\u0641\u0627\u0621 \u0647\u0648\u064a\u0629 \u0627\u0644\u0628\u064a\u0627\u0646\u0627\u062a \u0627\u0644\u0634\u062e\u0635\u064a\u0629\u060c<\/li>\n<li>\u0637\u0644\u0628 \u0625\u0628\u0644\u0627\u063a \u0627\u0644\u0623\u0637\u0631\u0627\u0641 \u0627\u0644\u062b\u0627\u0644\u062b\u0629 \u0641\u064a \u062d\u0627\u0644\u0629 \u062a\u0635\u062d\u064a\u062d \u0627\u0644\u0628\u064a\u0627\u0646\u0627\u062a \u0623\u0648 \u062d\u0630\u0641\u0647\u0627 \u0623\u0648 \u0625\u062e\u0641\u0627\u0621 \u0647\u0648\u064a\u062a\u0647\u0627\u060c<\/li>\n<li>\u0627\u0644\u0627\u0639\u062a\u0631\u0627\u0636 \u0639\u0644\u0649 \u0638\u0647\u0648\u0631 \u0646\u062a\u064a\u062c\u0629 \u0636\u062f \u0627\u0644\u0634\u062e\u0635 \u0645\u0646 \u062e\u0644\u0627\u0644 \u062a\u062d\u0644\u064a\u0644 \u0627\u0644\u0628\u064a\u0627\u0646\u0627\u062a \u0627\u0644\u0645\u0639\u0627\u0644\u062c\u0629 \u0628\u0634\u0643\u0644 \u062d\u0635\u0631\u064a \u0639\u0628\u0631 \u0627\u0644\u0623\u0646\u0638\u0645\u0629 \u0627\u0644\u0622\u0644\u064a\u0629\u060c<\/li>\n<\/ul>\n<p dir=\"rtl\">\u064a\u0645\u0643\u0646 \u0645\u0645\u0627\u0631\u0633\u0629 \u0647\u0630\u0647 \u0627\u0644\u062d\u0642\u0648\u0642 \u0645\u0646 \u062e\u0644\u0627\u0644 \u0645\u0639\u0644\u0648\u0645\u0627\u062a \u0627\u0644\u0627\u062a\u0635\u0627\u0644 \u0627\u0644\u0645\u0648\u062c\u0648\u062f\u0629 \u0639\u0644\u0649 \u0627\u0644\u0645\u0648\u0642\u0639 \u0627\u0644\u0625\u0644\u0643\u062a\u0631\u0648\u0646\u064a (\u0639\u0628\u0631 \u0627\u0644\u0628\u0631\u064a\u062f\u060c \u0643\u0627\u062a\u0628 \u0627\u0644\u0639\u062f\u0644 \u0623\u0648 \u0627\u0644\u0642\u0646\u0627\u0629 \u0627\u0644\u0628\u0631\u064a\u062f\u064a\u0629\u060c \u0625\u0644\u062e).<\/p>\n<p dir=\"rtl\"><strong>Op. Dr. Y\u00fccel Sar\u0131alt\u0131n Klinik<\/strong><\/p>\n<p dir=\"rtl\"><strong>\u0627\u0644\u0639\u0646\u0648\u0627\u0646:<\/strong> Barbaros Mahallesi Karanfil Sokak Varyap Meridian Sitesi Villa 3 No: 1C Atasehir \/ ISTANBUL<\/p>\n<p dir=\"rtl\"><strong>\u0627\u0644\u0647\u0627\u062a\u0641:<\/strong> +90 850 218 61 61<\/p>\n<p dir=\"rtl\"><strong>\u0627\u0644\u062c\u0648\u0627\u0644:<\/strong> +90 555 0 360 360<\/p>\n<p dir=\"rtl\"><strong>\u0627\u0644\u0628\u0631\u064a\u062f \u0627\u0644\u0625\u0644\u0643\u062a\u0631\u0648\u0646\u064a:<\/strong> yucel@yucelsarialtin.com<\/p>\n<p dir=\"rtl\">*\u0627\u0644\u0645\u0639\u0644\u0648\u0645\u0627\u062a \u063a\u064a\u0631 \u0627\u0644\u0634\u062e\u0635\u064a\u0629 \u0647\u064a \u0627\u0644\u0645\u0639\u0644\u0648\u0645\u0627\u062a \u0627\u0644\u062a\u064a \u0644\u0627 \u064a\u0645\u0643\u0646 \u0623\u0646 \u062a\u062d\u062f\u062f \u0647\u0648\u064a\u062a\u0643 \u0634\u062e\u0635\u064a\u0627\u064b. \u064a\u0645\u0643\u0646 \u0627\u0633\u062a\u062e\u062f\u0627\u0645 \u0647\u0630\u0647 \u0627\u0644\u0645\u0639\u0644\u0648\u0645\u0627\u062a \u0644\u0623\u064a \u063a\u0631\u0636 \u0648\u064a\u0645\u0643\u0646 \u0645\u0634\u0627\u0631\u0643\u062a\u0647\u0627 \u0645\u0639 \u0627\u0644\u0623\u0637\u0631\u0627\u0641 \u0627\u0644\u062b\u0627\u0644\u062b\u0629 \u062f\u0648\u0646 \u0627\u0644\u062d\u0635\u0648\u0644 \u0639\u0644\u0649 \u0645\u0648\u0627\u0641\u0642\u062a\u0647\u0645.<\/p>\n","protected":false},"excerpt":{"rendered":"<p>\u062a\u0645 \u0625\u0639\u062f\u0627\u062f \u0647\u0630\u0627 \u0627\u0644\u0646\u0635 \u0627\u0644\u062a\u0648\u0636\u064a\u062d\u064a\u060c \u0648\u0641\u0642\u064b\u0627 \u0644\u0644\u0642\u0627\u0646\u0648\u0646 \u0631\u0642\u0645 6698 \u0628\u0634\u0623\u0646 \u062d\u0645\u0627\u064a\u0629 \u0627\u0644\u0628\u064a\u0627\u0646\u0627\u062a \u0627\u0644\u0634\u062e\u0635\u064a\u0629 (&ldquo;\u0627\u0644\u0642\u0627\u0646\u0648\u0646&rdquo;)\u060c \u0628\u0648\u0627\u0633\u0637\u0629 Opr. Dr. Y\u00fccel Sar\u0131alt\u0131n Klinik (&ldquo;\u0627\u0644\u0639\u064a\u0627\u062f\u0629&rdquo;) \u0628\u0647\u062f\u0641 \u0625\u0628\u0644\u0627\u063a \u0627\u0644\u0645\u0639\u0646\u064a\u064a\u0646 \u0628\u0627\u0644\u0625\u062c\u0631\u0627\u0621\u0627\u062a \u0648\u0627\u0644\u0645\u0628\u0627\u062f\u0626 \u0627\u0644\u0645\u062a\u0639\u0644\u0642\u0629 \u0628\u062d\u0645\u0627\u064a\u0629 \u0648\u0645\u0639\u0627\u0644\u062c\u0629 \u0627\u0644\u0628\u064a\u0627\u0646\u0627\u062a&#8230;<\/p>\n","protected":false},"author":0,"featured_media":0,"parent":0,"menu_order":0,"comment_status":"closed","ping_status":"closed","template":"","meta":{"_acf_changed":false,"om_disable_all_campaigns":false,"_monsterinsights_skip_tracking":false,"_monsterinsights_sitenote_active":false,"_monsterinsights_sitenote_note":"","_monsterinsights_sitenote_category":0,"footnotes":""},"class_list":["post-1285","page","type-page","status-publish","hentry"],"acf":[],"aioseo_notices":[],"_links":{"self":[{"href":"https:\/\/yucelsarialtin.com\/ar\/wp-json\/wp\/v2\/pages\/1285","targetHints":{"allow":["GET"]}}],"collection":[{"href":"https:\/\/yucelsarialtin.com\/ar\/wp-json\/wp\/v2\/pages"}],"about":[{"href":"https:\/\/yucelsarialtin.com\/ar\/wp-json\/wp\/v2\/types\/page"}],"replies":[{"embeddable":true,"href":"https:\/\/yucelsarialtin.com\/ar\/wp-json\/wp\/v2\/comments?post=1285"}],"version-history":[{"count":0,"href":"https:\/\/yucelsarialtin.com\/ar\/wp-json\/wp\/v2\/pages\/1285\/revisions"}],"wp:attachment":[{"href":"https:\/\/yucelsarialtin.com\/ar\/wp-json\/wp\/v2\/media?parent=1285"}],"curies":[{"name":"wp","href":"https:\/\/api.w.org\/{rel}","templated":true}]}}